{"id":7928,"date":"2022-03-08T18:54:42","date_gmt":"2022-03-08T18:54:42","guid":{"rendered":"https:\/\/lightglass.md\/?page_id=7928"},"modified":"2022-03-11T18:51:37","modified_gmt":"2022-03-11T18:51:37","slug":"services","status":"publish","type":"page","link":"https:\/\/lightglass.md\/ru\/services\/","title":{"rendered":"\u0423\u0441\u043b\u0443\u0433\u0438 \u0438 \u043f\u0440\u043e\u0434\u0443\u043a\u0442\u044b"},"content":{"rendered":"<div class=\"wpb-content-wrapper\"><div class=\"vc_row wpb_row vc_row-fluid vc_column-gap-10\"><div class=\"wpb_column vc_column_container vc_col-sm-4\"><div class=\"vc_column-inner\"><div class=\"wpb_wrapper\">\t\t\t<link rel=\"stylesheet\" id=\"wd-banner-css\" href=\"https:\/\/lightglass.md\/wp-content\/themes\/lgg\/css\/parts\/wpb-el-banner.min.css?ver=6.1.5\" type=\"text\/css\" media=\"all\" \/> \t\t\t\t\t<div class=\"promo-banner-wrapper\">\n\t\t\t<div id=\"wd-622b5c275a9b2\" class=\"promo-banner banner-shadow banner-hover-none color-scheme-light banner-btn-size-small banner-btn-style-default wd-display-image  with-btn banner-btn-position-hover cursor-pointer\" \n\t\t\t\t\t\t\t\tonclick=\"window.location.href='https:\/\/lightglass.md\/cabine-de-dus-din-sticla-securizata\/'\"\t\t\t >\n\n\t\t\t\t<div class=\"main-wrapp-img\">\n\t\t\t\t\t\t\t\t\t\t\t<div class=\"banner-image\">\n\t\t\t\t\t\t\t<img decoding=\"async\" class=\"promo-banner-image\" src=\"https:\/\/lightglass.md\/wp-content\/uploads\/2022\/03\/servdus.jpg\" width=\"380\" height=\"290\" alt=\"servdus\" title=\"servdus\" loading=\"lazy\" \/>\t\t\t\t\t\t<\/div>\n\t\t\t\t\t\t\t\t\t<\/div>\n\n\t\t\t\t<div class=\"wrapper-content-banner wd-fill  wd-items-middle wd-justify-center\">\n\t\t\t\t\t<div class=\"content-banner text-center wd-width-100\">\n\t\t\t\t\t\t\t<div class=\"banner-title-wrap\">\n\t\t\t\t\t\t\t\t\t\t\t\t\t\t\t\t\t<h4 class=\"banner-title wd-font-weight- wd-fontsize-l\">\u0414\u0443\u0448\u0435\u0432\u044b\u0435 \u043a\u0430\u0431\u0438\u043d\u044b \u0438\u0437 \u0437\u0430\u043a\u0430\u043b\u0435\u043d\u043d\u043e\u0433\u043e \u0441\u0442\u0435\u043a\u043b\u0430<\/h4>\t\t\t\t\t\t\t\t<\/div>\n\t\t\t\t\t\t\t\t\t\t\t\t<div class=\"banner-btn-wrapper\"><div id=\"wd-69fdd7de44642\" class=\"wd-button-wrapper text-center\"><a  class=\"btn btn-color-primary btn-style-default btn-shape-semi-round btn-size-small\">\u041f\u043e\u0441\u043c\u043e\u0442\u0440\u0435\u0442\u044c<\/a><\/div><\/div>\t\t\t\t\t<\/div>\n\t\t\t\t<\/div>\n\t\t\t\t\t\t\t<\/div>\n\t\t<\/div>\n\t\t\n\t\t<\/div><\/div><\/div><div class=\"wpb_column vc_column_container vc_col-sm-4\"><div class=\"vc_column-inner\"><div class=\"wpb_wrapper\">\t\t<div class=\"promo-banner-wrapper\">\n\t\t\t<div id=\"wd-622b5c7b7217b\" class=\"promo-banner banner-shadow banner-hover-none color-scheme-light banner-btn-size-small banner-btn-style-default wd-display-image  with-btn banner-btn-position-hover cursor-pointer\" \n\t\t\t\t\t\t\t\tonclick=\"window.location.href='https:\/\/lightglass.md\/paravan-din-sticla-securizata\/'\"\t\t\t >\n\n\t\t\t\t<div class=\"main-wrapp-img\">\n\t\t\t\t\t\t\t\t\t\t\t<div class=\"banner-image\">\n\t\t\t\t\t\t\t<img decoding=\"async\" class=\"promo-banner-image\" src=\"https:\/\/lightglass.md\/wp-content\/uploads\/2022\/03\/servparavan.jpg\" width=\"380\" height=\"290\" alt=\"servparavan\" title=\"servparavan\" loading=\"lazy\" \/>\t\t\t\t\t\t<\/div>\n\t\t\t\t\t\t\t\t\t<\/div>\n\n\t\t\t\t<div class=\"wrapper-content-banner wd-fill  wd-items-middle wd-justify-center\">\n\t\t\t\t\t<div class=\"content-banner text-center wd-width-100\">\n\t\t\t\t\t\t\t<div class=\"banner-title-wrap\">\n\t\t\t\t\t\t\t\t\t\t\t\t\t\t\t\t\t<h4 class=\"banner-title wd-font-weight- wd-fontsize-l\">\u0428\u0442\u043e\u0440\u043a\u0430 \u043d\u0430 \u0432\u0430\u043d\u043d\u0443<\/h4>\t\t\t\t\t\t\t\t<\/div>\n\t\t\t\t\t\t\t\t\t\t\t\t<div class=\"banner-btn-wrapper\"><div id=\"wd-69fdd7de44b33\" class=\"wd-button-wrapper text-center\"><a  class=\"btn btn-color-primary btn-style-default btn-shape-semi-round btn-size-small\">\u041f\u043e\u0441\u043c\u043e\u0442\u0440\u0435\u0442\u044c<\/a><\/div><\/div>\t\t\t\t\t<\/div>\n\t\t\t\t<\/div>\n\t\t\t\t\t\t\t<\/div>\n\t\t<\/div>\n\t\t\n\t\t<\/div><\/div><\/div><div class=\"wpb_column vc_column_container vc_col-sm-4\"><div class=\"vc_column-inner\"><div class=\"wpb_wrapper\">\t\t<div class=\"promo-banner-wrapper\">\n\t\t\t<div id=\"wd-622b5cc6a61e4\" class=\"promo-banner banner-shadow banner-hover-none color-scheme-light banner-btn-size-small banner-btn-style-default wd-display-image  with-btn banner-btn-position-hover cursor-pointer\" \n\t\t\t\t\t\t\t\tonclick=\"window.location.href='https:\/\/lightglass.md\/usi-din-sticla-securizata\/'\"\t\t\t >\n\n\t\t\t\t<div class=\"main-wrapp-img\">\n\t\t\t\t\t\t\t\t\t\t\t<div class=\"banner-image\">\n\t\t\t\t\t\t\t<img decoding=\"async\" class=\"promo-banner-image\" src=\"https:\/\/lightglass.md\/wp-content\/uploads\/2022\/03\/servusi.jpg\" width=\"380\" height=\"290\" alt=\"servusi\" title=\"servusi\" loading=\"lazy\" \/>\t\t\t\t\t\t<\/div>\n\t\t\t\t\t\t\t\t\t<\/div>\n\n\t\t\t\t<div class=\"wrapper-content-banner wd-fill  wd-items-middle wd-justify-center\">\n\t\t\t\t\t<div class=\"content-banner text-center wd-width-100\">\n\t\t\t\t\t\t\t<div class=\"banner-title-wrap\">\n\t\t\t\t\t\t\t\t\t\t\t\t\t\t\t\t\t<h4 class=\"banner-title wd-font-weight- wd-fontsize-l\">\u0414\u0432\u0435\u0440\u0438 \u0438\u0437 \u0441\u0442\u0435\u043a\u043b\u0430<\/h4>\t\t\t\t\t\t\t\t<\/div>\n\t\t\t\t\t\t\t\t\t\t\t\t<div class=\"banner-btn-wrapper\"><div id=\"wd-69fdd7de45161\" class=\"wd-button-wrapper text-center\"><a  class=\"btn btn-color-primary btn-style-default btn-shape-semi-round btn-size-small\">\u041f\u043e\u0441\u043c\u043e\u0442\u0440\u0435\u0442\u044c<\/a><\/div><\/div>\t\t\t\t\t<\/div>\n\t\t\t\t<\/div>\n\t\t\t\t\t\t\t<\/div>\n\t\t<\/div>\n\t\t\n\t\t<\/div><\/div><\/div><\/div><div class=\"vc_row wpb_row vc_row-fluid vc_custom_1647010051450 vc_column-gap-10\"><div class=\"wpb_column vc_column_container vc_col-sm-4\"><div class=\"vc_column-inner\"><div class=\"wpb_wrapper\">\t\t<div class=\"promo-banner-wrapper\">\n\t\t\t<div id=\"wd-622b5d12c7c56\" class=\"promo-banner banner-shadow banner-hover-none color-scheme-light banner-btn-size-small banner-btn-style-default wd-display-image  with-btn banner-btn-position-hover cursor-pointer\" \n\t\t\t\t\t\t\t\tonclick=\"window.location.href='https:\/\/lightglass.md\/pereti-din-sticla-securizata\/'\"\t\t\t >\n\n\t\t\t\t<div class=\"main-wrapp-img\">\n\t\t\t\t\t\t\t\t\t\t\t<div class=\"banner-image\">\n\t\t\t\t\t\t\t<img decoding=\"async\" class=\"promo-banner-image\" src=\"https:\/\/lightglass.md\/wp-content\/uploads\/2022\/03\/servpereti.jpg\" width=\"380\" height=\"290\" alt=\"servpereti\" title=\"servpereti\" loading=\"lazy\" \/>\t\t\t\t\t\t<\/div>\n\t\t\t\t\t\t\t\t\t<\/div>\n\n\t\t\t\t<div class=\"wrapper-content-banner wd-fill  wd-items-middle wd-justify-center\">\n\t\t\t\t\t<div class=\"content-banner text-center wd-width-100\">\n\t\t\t\t\t\t\t<div class=\"banner-title-wrap\">\n\t\t\t\t\t\t\t\t\t\t\t\t\t\t\t\t\t<h4 class=\"banner-title wd-font-weight- wd-fontsize-l\">\u0421\u0442\u0435\u043a\u043b\u044f\u043d\u043d\u044b\u0435 \u043f\u0435\u0440\u0435\u0433\u043e\u0440\u043e\u0434\u043a\u0438<\/h4>\t\t\t\t\t\t\t\t<\/div>\n\t\t\t\t\t\t\t\t\t\t\t\t<div class=\"banner-btn-wrapper\"><div id=\"wd-69fdd7de455d3\" class=\"wd-button-wrapper text-center\"><a  class=\"btn btn-color-primary btn-style-default btn-shape-semi-round btn-size-small\">\u041f\u043e\u0441\u043c\u043e\u0442\u0440\u0435\u0442\u044c<\/a><\/div><\/div>\t\t\t\t\t<\/div>\n\t\t\t\t<\/div>\n\t\t\t\t\t\t\t<\/div>\n\t\t<\/div>\n\t\t\n\t\t<\/div><\/div><\/div><div class=\"wpb_column vc_column_container vc_col-sm-4\"><div class=\"vc_column-inner\"><div class=\"wpb_wrapper\">\t\t<div class=\"promo-banner-wrapper\">\n\t\t\t<div id=\"wd-622b5d5d4f2d8\" class=\"promo-banner banner-shadow banner-hover-none color-scheme-light banner-btn-size-small banner-btn-style-default wd-display-image  with-btn banner-btn-position-hover cursor-pointer\" \n\t\t\t\t\t\t\t\tonclick=\"window.location.href='https:\/\/lightglass.md\/placari-din-sticla-colorata\/'\"\t\t\t >\n\n\t\t\t\t<div class=\"main-wrapp-img\">\n\t\t\t\t\t\t\t\t\t\t\t<div class=\"banner-image\">\n\t\t\t\t\t\t\t<img decoding=\"async\" class=\"promo-banner-image\" src=\"https:\/\/lightglass.md\/wp-content\/uploads\/2022\/03\/servplacari.jpg\" width=\"380\" height=\"290\" alt=\"servplacari\" title=\"servplacari\" loading=\"lazy\" \/>\t\t\t\t\t\t<\/div>\n\t\t\t\t\t\t\t\t\t<\/div>\n\n\t\t\t\t<div class=\"wrapper-content-banner wd-fill  wd-items-middle wd-justify-center\">\n\t\t\t\t\t<div class=\"content-banner text-center wd-width-100\">\n\t\t\t\t\t\t\t<div class=\"banner-title-wrap\">\n\t\t\t\t\t\t\t\t\t\t\t\t\t\t\t\t\t<h4 class=\"banner-title wd-font-weight- wd-fontsize-l\">\u0424\u0430\u0440\u0442\u0443\u043a \u0434\u043b\u044f \u043a\u0443\u0445\u043d\u0438<\/h4>\t\t\t\t\t\t\t\t<\/div>\n\t\t\t\t\t\t\t\t\t\t\t\t<div class=\"banner-btn-wrapper\"><div id=\"wd-69fdd7de4591b\" class=\"wd-button-wrapper text-center\"><a  class=\"btn btn-color-primary btn-style-default btn-shape-semi-round btn-size-small\">\u041f\u043e\u0441\u043c\u043e\u0442\u0440\u0435\u0442\u044c<\/a><\/div><\/div>\t\t\t\t\t<\/div>\n\t\t\t\t<\/div>\n\t\t\t\t\t\t\t<\/div>\n\t\t<\/div>\n\t\t\n\t\t<\/div><\/div><\/div><div class=\"wpb_column vc_column_container vc_col-sm-4\"><div class=\"vc_column-inner\"><div class=\"wpb_wrapper\">\t\t<div class=\"promo-banner-wrapper\">\n\t\t\t<div id=\"wd-622b5da068c7f\" class=\"promo-banner banner-shadow banner-hover-none color-scheme-light banner-btn-size-small banner-btn-style-default wd-display-image  with-btn banner-btn-position-hover cursor-pointer\" \n\t\t\t\t\t\t\t\tonclick=\"window.location.href='https:\/\/lightglass.md\/oglinzi\/'\"\t\t\t >\n\n\t\t\t\t<div class=\"main-wrapp-img\">\n\t\t\t\t\t\t\t\t\t\t\t<div class=\"banner-image\">\n\t\t\t\t\t\t\t<img decoding=\"async\" class=\"promo-banner-image\" src=\"https:\/\/lightglass.md\/wp-content\/uploads\/2022\/03\/servoglinzi.jpg\" width=\"380\" height=\"290\" alt=\"servoglinzi\" title=\"servoglinzi\" loading=\"lazy\" \/>\t\t\t\t\t\t<\/div>\n\t\t\t\t\t\t\t\t\t<\/div>\n\n\t\t\t\t<div class=\"wrapper-content-banner wd-fill  wd-items-middle wd-justify-center\">\n\t\t\t\t\t<div class=\"content-banner text-center wd-width-100\">\n\t\t\t\t\t\t\t<div class=\"banner-title-wrap\">\n\t\t\t\t\t\t\t\t\t\t\t\t\t\t\t\t\t<h4 class=\"banner-title wd-font-weight- wd-fontsize-l\">\u0417\u0435\u0440\u043a\u0430\u043b\u0430 <\/h4>\t\t\t\t\t\t\t\t<\/div>\n\t\t\t\t\t\t\t\t\t\t\t\t<div class=\"banner-btn-wrapper\"><div id=\"wd-69fdd7de45c64\" class=\"wd-button-wrapper text-center\"><a  class=\"btn btn-color-primary btn-style-default btn-shape-semi-round btn-size-small\">\u041f\u043e\u0441\u043c\u043e\u0442\u0440\u0435\u0442\u044c<\/a><\/div><\/div>\t\t\t\t\t<\/div>\n\t\t\t\t<\/div>\n\t\t\t\t\t\t\t<\/div>\n\t\t<\/div>\n\t\t\n\t\t<\/div><\/div><\/div><\/div><div class=\"vc_row wpb_row vc_row-fluid vc_custom_1647010056433 vc_column-gap-10\"><div class=\"wpb_column vc_column_container vc_col-sm-4\"><div class=\"vc_column-inner\"><div class=\"wpb_wrapper\">\t\t<div class=\"promo-banner-wrapper\">\n\t\t\t<div id=\"wd-622b5dde41603\" class=\"promo-banner banner-shadow banner-hover-none color-scheme-light banner-btn-size-small banner-btn-style-default wd-display-image  with-btn banner-btn-position-hover cursor-pointer\" \n\t\t\t\t\t\t\t\tonclick=\"window.location.href='https:\/\/lightglass.md\/balustrade-din-sticla-securizata\/'\"\t\t\t >\n\n\t\t\t\t<div class=\"main-wrapp-img\">\n\t\t\t\t\t\t\t\t\t\t\t<div class=\"banner-image\">\n\t\t\t\t\t\t\t<img decoding=\"async\" class=\"promo-banner-image\" src=\"https:\/\/lightglass.md\/wp-content\/uploads\/2022\/03\/servbalustrade.jpg\" width=\"380\" height=\"290\" alt=\"servbalustrade\" title=\"servbalustrade\" loading=\"lazy\" \/>\t\t\t\t\t\t<\/div>\n\t\t\t\t\t\t\t\t\t<\/div>\n\n\t\t\t\t<div class=\"wrapper-content-banner wd-fill  wd-items-middle wd-justify-center\">\n\t\t\t\t\t<div class=\"content-banner text-center wd-width-100\">\n\t\t\t\t\t\t\t<div class=\"banner-title-wrap\">\n\t\t\t\t\t\t\t\t\t\t\t\t\t\t\t\t\t<h4 class=\"banner-title wd-font-weight- wd-fontsize-l\">\u0421\u0442\u0435\u043a\u043b\u044f\u043d\u043d\u044b\u0435 \u043e\u0433\u0440\u0430\u0436\u0434\u0435\u043d\u0438\u044f <\/h4>\t\t\t\t\t\t\t\t<\/div>\n\t\t\t\t\t\t\t\t\t\t\t\t<div class=\"banner-btn-wrapper\"><div id=\"wd-69fdd7de460b0\" class=\"wd-button-wrapper text-center\"><a  class=\"btn btn-color-primary btn-style-default btn-shape-semi-round btn-size-small\">\u041f\u043e\u0441\u043c\u043e\u0442\u0440\u0435\u0442\u044c<\/a><\/div><\/div>\t\t\t\t\t<\/div>\n\t\t\t\t<\/div>\n\t\t\t\t\t\t\t<\/div>\n\t\t<\/div>\n\t\t\n\t\t<\/div><\/div><\/div><div class=\"wpb_column vc_column_container vc_col-sm-4\"><div class=\"vc_column-inner\"><div class=\"wpb_wrapper\">\t\t<div class=\"promo-banner-wrapper\">\n\t\t\t<div id=\"wd-622b5fafafd67\" class=\"promo-banner banner-shadow banner-hover-none color-scheme-light banner-btn-size-small banner-btn-style-default wd-display-image  with-btn banner-btn-position-hover cursor-pointer\" \n\t\t\t\t\t\t\t\tonclick=\"window.location.href='https:\/\/lightglass.md\/pergole-retractabile\/'\"\t\t\t >\n\n\t\t\t\t<div class=\"main-wrapp-img\">\n\t\t\t\t\t\t\t\t\t\t\t<div class=\"banner-image\">\n\t\t\t\t\t\t\t<img decoding=\"async\" class=\"promo-banner-image\" src=\"https:\/\/lightglass.md\/wp-content\/uploads\/2022\/03\/servretractabile.jpg\" width=\"380\" height=\"290\" alt=\"servretractabile\" title=\"servretractabile\" loading=\"lazy\" \/>\t\t\t\t\t\t<\/div>\n\t\t\t\t\t\t\t\t\t<\/div>\n\n\t\t\t\t<div class=\"wrapper-content-banner wd-fill  wd-items-middle wd-justify-center\">\n\t\t\t\t\t<div class=\"content-banner text-center wd-width-100\">\n\t\t\t\t\t\t\t<div class=\"banner-title-wrap\">\n\t\t\t\t\t\t\t\t\t\t\t\t\t\t\t\t\t<h4 class=\"banner-title wd-font-weight- wd-fontsize-l\">\u0422\u0435\u043d\u0442\u043e\u0432\u044b\u0435 \u043f\u0435\u0440\u0433\u043e\u043b\u044b<\/h4>\t\t\t\t\t\t\t\t<\/div>\n\t\t\t\t\t\t\t\t\t\t\t\t<div class=\"banner-btn-wrapper\"><div id=\"wd-69fdd7de463f2\" class=\"wd-button-wrapper text-center\"><a  class=\"btn btn-color-primary btn-style-default btn-shape-semi-round btn-size-small\">\u041f\u043e\u0441\u043c\u043e\u0442\u0440\u0435\u0442\u044c<\/a><\/div><\/div>\t\t\t\t\t<\/div>\n\t\t\t\t<\/div>\n\t\t\t\t\t\t\t<\/div>\n\t\t<\/div>\n\t\t\n\t\t<\/div><\/div><\/div><div class=\"wpb_column vc_column_container vc_col-sm-4\"><div class=\"vc_column-inner\"><div class=\"wpb_wrapper\">\t\t<div class=\"promo-banner-wrapper\">\n\t\t\t<div id=\"wd-622b5fefc4583\" class=\"promo-banner banner-shadow banner-hover-none color-scheme-light banner-btn-size-small banner-btn-style-default wd-display-image  with-btn banner-btn-position-hover cursor-pointer\" \n\t\t\t\t\t\t\t\tonclick=\"window.location.href='https:\/\/lightglass.md\/pergole-bioclimatice\/'\"\t\t\t >\n\n\t\t\t\t<div class=\"main-wrapp-img\">\n\t\t\t\t\t\t\t\t\t\t\t<div class=\"banner-image\">\n\t\t\t\t\t\t\t<img decoding=\"async\" class=\"promo-banner-image\" src=\"https:\/\/lightglass.md\/wp-content\/uploads\/2022\/03\/servbioclimatice.jpg\" width=\"380\" height=\"290\" alt=\"servbioclimatice\" title=\"servbioclimatice\" loading=\"lazy\" \/>\t\t\t\t\t\t<\/div>\n\t\t\t\t\t\t\t\t\t<\/div>\n\n\t\t\t\t<div class=\"wrapper-content-banner wd-fill  wd-items-middle wd-justify-center\">\n\t\t\t\t\t<div class=\"content-banner text-center wd-width-100\">\n\t\t\t\t\t\t\t<div class=\"banner-title-wrap\">\n\t\t\t\t\t\t\t\t\t\t\t\t\t\t\t\t\t<h4 class=\"banner-title wd-font-weight- wd-fontsize-l\">\u0411\u0438\u043e\u043a\u043b\u0438\u043c\u0430\u0442\u0438\u043a\u0430<\/h4>\t\t\t\t\t\t\t\t<\/div>\n\t\t\t\t\t\t\t\t\t\t\t\t<div class=\"banner-btn-wrapper\"><div id=\"wd-69fdd7de46728\" class=\"wd-button-wrapper text-center\"><a  class=\"btn btn-color-primary btn-style-default btn-shape-semi-round btn-size-small\">\u041f\u043e\u0441\u043c\u043e\u0442\u0440\u0435\u0442\u044c<\/a><\/div><\/div>\t\t\t\t\t<\/div>\n\t\t\t\t<\/div>\n\t\t\t\t\t\t\t<\/div>\n\t\t<\/div>\n\t\t\n\t\t<\/div><\/div><\/div><\/div><div class=\"vc_row wpb_row vc_row-fluid vc_custom_1647010126794 vc_column-gap-10\"><div class=\"wpb_column vc_column_container vc_col-sm-4\"><div class=\"vc_column-inner\"><div class=\"wpb_wrapper\">\t\t<div class=\"promo-banner-wrapper\">\n\t\t\t<div id=\"wd-622b60245ec1c\" class=\"promo-banner banner-shadow banner-hover-none color-scheme-light banner-btn-size-small banner-btn-style-default wd-display-image  with-btn banner-btn-position-hover cursor-pointer\" \n\t\t\t\t\t\t\t\tonclick=\"window.location.href='https:\/\/lightglass.md\/sisteme-de-inchidere-panoramice\/'\"\t\t\t >\n\n\t\t\t\t<div class=\"main-wrapp-img\">\n\t\t\t\t\t\t\t\t\t\t\t<div class=\"banner-image\">\n\t\t\t\t\t\t\t<img decoding=\"async\" class=\"promo-banner-image\" src=\"https:\/\/lightglass.md\/wp-content\/uploads\/2022\/03\/servpanoramice.jpg\" width=\"380\" height=\"290\" alt=\"servpanoramice\" title=\"servpanoramice\" loading=\"lazy\" \/>\t\t\t\t\t\t<\/div>\n\t\t\t\t\t\t\t\t\t<\/div>\n\n\t\t\t\t<div class=\"wrapper-content-banner wd-fill  wd-items-middle wd-justify-center\">\n\t\t\t\t\t<div class=\"content-banner text-center wd-width-100\">\n\t\t\t\t\t\t\t<div class=\"banner-title-wrap\">\n\t\t\t\t\t\t\t\t\t\t\t\t\t\t\t\t\t<h4 class=\"banner-title wd-font-weight- wd-fontsize-l\">\u041f\u043e\u0434\u044a\u0435\u043c\u043d\u043e\u0435 \u043f\u0430\u043d\u043e\u0440\u0430\u043c\u043d\u043e\u0435 \u043e\u0441\u0442\u0435\u043a\u043b\u0435\u043d\u0438\u0435<\/h4>\t\t\t\t\t\t\t\t<\/div>\n\t\t\t\t\t\t\t\t\t\t\t\t<div class=\"banner-btn-wrapper\"><div id=\"wd-69fdd7de46b81\" class=\"wd-button-wrapper text-center\"><a  class=\"btn btn-color-primary btn-style-default btn-shape-semi-round btn-size-small\">\u041f\u043e\u0441\u043c\u043e\u0442\u0440\u0435\u0442\u044c<\/a><\/div><\/div>\t\t\t\t\t<\/div>\n\t\t\t\t<\/div>\n\t\t\t\t\t\t\t<\/div>\n\t\t<\/div>\n\t\t\n\t\t<\/div><\/div><\/div><div class=\"wpb_column vc_column_container vc_col-sm-4\"><div class=\"vc_column-inner\"><div class=\"wpb_wrapper\">\t\t<div class=\"promo-banner-wrapper\">\n\t\t\t<div id=\"wd-622b6072ad583\" class=\"promo-banner banner-shadow banner-hover-none color-scheme-light banner-btn-size-small banner-btn-style-default wd-display-image  with-btn banner-btn-position-hover cursor-pointer\" \n\t\t\t\t\t\t\t\tonclick=\"window.location.href='https:\/\/lightglass.md\/sisteme-glisante\/'\"\t\t\t >\n\n\t\t\t\t<div class=\"main-wrapp-img\">\n\t\t\t\t\t\t\t\t\t\t\t<div class=\"banner-image\">\n\t\t\t\t\t\t\t<img decoding=\"async\" class=\"promo-banner-image\" src=\"https:\/\/lightglass.md\/wp-content\/uploads\/2022\/03\/servglisant.jpg\" width=\"380\" height=\"290\" alt=\"servglisant\" title=\"servglisant\" loading=\"lazy\" \/>\t\t\t\t\t\t<\/div>\n\t\t\t\t\t\t\t\t\t<\/div>\n\n\t\t\t\t<div class=\"wrapper-content-banner wd-fill  wd-items-middle wd-justify-center\">\n\t\t\t\t\t<div class=\"content-banner text-center wd-width-100\">\n\t\t\t\t\t\t\t<div class=\"banner-title-wrap\">\n\t\t\t\t\t\t\t\t\t\t\t\t\t\t\t\t\t<h4 class=\"banner-title wd-font-weight- wd-fontsize-l\">\u0420\u0430\u0437\u0434\u0432\u0438\u0436\u043d\u043e\u0435 \u0431\u0435\u0437\u0440\u0430\u043c\u043d\u043e\u0435 \u043e\u0441\u0442\u0435\u043a\u043b\u0435\u043d\u0438\u0435 (\u0441\u043b\u0430\u0439\u0434\u0435\u0440\u043d\u043e\u0435)<\/h4>\t\t\t\t\t\t\t\t<\/div>\n\t\t\t\t\t\t\t\t\t\t\t\t<div class=\"banner-btn-wrapper\"><div id=\"wd-69fdd7de46eb9\" class=\"wd-button-wrapper text-center\"><a  class=\"btn btn-color-primary btn-style-default btn-shape-semi-round btn-size-small\">\u041f\u043e\u0441\u043c\u043e\u0442\u0440\u0435\u0442\u044c<\/a><\/div><\/div>\t\t\t\t\t<\/div>\n\t\t\t\t<\/div>\n\t\t\t\t\t\t\t<\/div>\n\t\t<\/div>\n\t\t\n\t\t<\/div><\/div><\/div><div class=\"wpb_column vc_column_container vc_col-sm-4\"><div class=\"vc_column-inner\"><div class=\"wpb_wrapper\"><\/div><\/div><\/div><\/div>\n<\/div>","protected":false},"excerpt":{"rendered":"Cabine de du\u0219 din sticl\u0103 securizat\u0103 Vizualizare Paravan din sticl\u0103 securizat\u0103 Vizualizare U\u0219i din sticl\u0103 securizat\u0103 Vizualizare Pere\u021bi din sticl\u0103","protected":false},"author":1,"featured_media":0,"parent":0,"menu_order":0,"comment_status":"closed","ping_status":"closed","template":"","meta":{"footnotes":""},"class_list":["post-7928","page","type-page","status-publish","hentry"],"_links":{"self":[{"href":"https:\/\/lightglass.md\/ru\/wp-json\/wp\/v2\/pages\/7928","targetHints":{"allow":["GET"]}}],"collection":[{"href":"https:\/\/lightglass.md\/ru\/wp-json\/wp\/v2\/pages"}],"about":[{"href":"https:\/\/lightglass.md\/ru\/wp-json\/wp\/v2\/types\/page"}],"author":[{"embeddable":true,"href":"https:\/\/lightglass.md\/ru\/wp-json\/wp\/v2\/users\/1"}],"replies":[{"embeddable":true,"href":"https:\/\/lightglass.md\/ru\/wp-json\/wp\/v2\/comments?post=7928"}],"version-history":[{"count":24,"href":"https:\/\/lightglass.md\/ru\/wp-json\/wp\/v2\/pages\/7928\/revisions"}],"predecessor-version":[{"id":8565,"href":"https:\/\/lightglass.md\/ru\/wp-json\/wp\/v2\/pages\/7928\/revisions\/8565"}],"wp:attachment":[{"href":"https:\/\/lightglass.md\/ru\/wp-json\/wp\/v2\/media?parent=7928"}],"curies":[{"name":"wp","href":"https:\/\/api.w.org\/{rel}","templated":true}]}}